{"id":3083,"date":"2024-03-07T09:03:56","date_gmt":"2024-03-07T08:03:56","guid":{"rendered":"https:\/\/staging.velopoldvienna.com\/?page_id=3083"},"modified":"2024-12-13T19:58:09","modified_gmt":"2024-12-13T18:58:09","slug":"private-fahrradtour-durch-das-wachautal","status":"publish","type":"page","link":"https:\/\/velopoldvienna.com\/en\/private-fahrradtour-durch-das-wachautal\/","title":{"rendered":"Private bike tour through the Wachau valley"},"content":{"rendered":"<div data-elementor-type=\"wp-page\" data-elementor-id=\"3083\" class=\"elementor elementor-3083\" data-elementor-post-type=\"page\">\n\t\t\t\t\t\t<section class=\"elementor-section elementor-top-section elementor-element elementor-element-253d6309 ct-section-stretched elementor-section-boxed elementor-section-height-default elementor-section-height-default\" data-id=\"253d6309\" data-element_type=\"section\" data-e-type=\"section\" data-settings=\"{&quot;background_background&quot;:&quot;classic&quot;}\">\n\t\t\t\t\t\t\t<div class=\"elementor-background-overlay\"><\/div>\n\t\t\t\t\t\t\t<div class=\"elementor-container elementor-column-gap-default\">\n\t\t\t\t\t<div class=\"elementor-column elementor-col-100 elementor-top-column elementor-element elementor-element-3eafbe0e\" data-id=\"3eafbe0e\" data-element_type=\"column\" data-e-type=\"column\">\n\t\t\t<div class=\"elementor-widget-wrap elementor-element-populated\">\n\t\t\t\t\t\t<div class=\"elementor-element elementor-element-240475c0 elementor-widget elementor-widget-heading\" data-id=\"240475c0\" data-element_type=\"widget\" data-e-type=\"widget\" data-widget_type=\"heading.default\">\n\t\t\t\t<div class=\"elementor-widget-container\">\n\t\t\t\t\t<h2 class=\"elementor-heading-title elementor-size-default\">Private bike tour through the Wachau valley<\/h2>\t\t\t\t<\/div>\n\t\t\t\t<\/div>\n\t\t\t\t\t<\/div>\n\t\t<\/div>\n\t\t\t\t\t<\/div>\n\t\t<\/section>\n\t\t\t\t<section class=\"elementor-section elementor-top-section elementor-element elementor-element-37a35d81 elementor-section-boxed elementor-section-height-default elementor-section-height-default\" data-id=\"37a35d81\" data-element_type=\"section\" data-e-type=\"section\" data-settings=\"{&quot;background_background&quot;:&quot;classic&quot;}\">\n\t\t\t\t\t\t<div class=\"elementor-container elementor-column-gap-no\">\n\t\t\t\t\t<div class=\"elementor-column elementor-col-100 elementor-top-column elementor-element elementor-element-657c25c1\" data-id=\"657c25c1\" data-element_type=\"column\" data-e-type=\"column\">\n\t\t\t<div class=\"elementor-widget-wrap elementor-element-populated\">\n\t\t\t\t\t\t<div class=\"elementor-element elementor-element-405991de elementor-widget elementor-widget-heading\" data-id=\"405991de\" data-element_type=\"widget\" data-e-type=\"widget\" data-widget_type=\"heading.default\">\n\t\t\t\t<div class=\"elementor-widget-container\">\n\t\t\t\t\t<h4 class=\"elementor-heading-title elementor-size-default\">(up to 11-hour tour)<\/h4>\t\t\t\t<\/div>\n\t\t\t\t<\/div>\n\t\t\t\t<section class=\"elementor-section elementor-inner-section elementor-element elementor-element-e5e1a7 elementor-section-boxed elementor-section-height-default elementor-section-height-default\" data-id=\"e5e1a7\" data-element_type=\"section\" data-e-type=\"section\">\n\t\t\t\t\t\t<div class=\"elementor-container elementor-column-gap-wide\">\n\t\t\t\t\t<div class=\"elementor-column elementor-col-50 elementor-inner-column elementor-element elementor-element-1daa303c\" data-id=\"1daa303c\" data-element_type=\"column\" data-e-type=\"column\">\n\t\t\t<div class=\"elementor-widget-wrap elementor-element-populated\">\n\t\t\t\t\t\t<div class=\"elementor-element elementor-element-4de86164 elementor-widget elementor-widget-heading\" data-id=\"4de86164\" data-element_type=\"widget\" data-e-type=\"widget\" data-widget_type=\"heading.default\">\n\t\t\t\t<div class=\"elementor-widget-container\">\n\t\t\t\t\t<h4 class=\"elementor-heading-title elementor-size-default\">This is what awaits you!<\/h4>\t\t\t\t<\/div>\n\t\t\t\t<\/div>\n\t\t\t\t<div class=\"elementor-element elementor-element-484cb03b elementor-widget elementor-widget-text-editor\" data-id=\"484cb03b\" data-element_type=\"widget\" data-e-type=\"widget\" data-widget_type=\"text-editor.default\">\n\t\t\t\t<div class=\"elementor-widget-container\">\n\t\t\t\t\t\t\t\t\t<p>Embark on a unique winegrowers' cycle tour through the enchanting Wachau. Explore picturesque villages such as Stein, D\u00fcrnstein and Wei\u00dfenkirchen. Leave the usual museum and church visits behind and immerse yourself in the fascination of the Wachau on a cycling and wine tasting tour with a small group in Austria's famous wine region. Imagine a day of cycling through the magical landscapes of the valley, which was voted the world's best historic destination in 2008.<\/p><p>Known for its exceptional wines, charming villages and picturesque panoramas, the Wachau Valley offers an ideal retreat from the hustle and bustle of the city. Arrive by train, hop on your bike and immerse yourself in the fresh country air as you cycle through historic cobbled villages. During your free time, explore the UNESCO World Heritage site of D\u00fcrnstein with its medieval charm and the remains of Kuenringer Castle, where King Richard the Lionheart was imprisoned in 1192. Enjoy a delicious lunch in a local, family-run restaurant, followed by free time on the Danube. Our small group wine tasting bike tour guarantees a unique experience that combines stunning scenery, indulgence, wine and culture for an unforgettable day.<\/p>\t\t\t\t\t\t\t\t<\/div>\n\t\t\t\t<\/div>\n\t\t\t\t\t<\/div>\n\t\t<\/div>\n\t\t\t\t<div class=\"elementor-column elementor-col-50 elementor-inner-column elementor-element elementor-element-5a7ae578\" data-id=\"5a7ae578\" data-element_type=\"column\" data-e-type=\"column\">\n\t\t\t<div class=\"elementor-widget-wrap elementor-element-populated\">\n\t\t\t\t\t\t<div class=\"elementor-element elementor-element-12fa9c0a elementor-widget elementor-widget-heading\" data-id=\"12fa9c0a\" data-element_type=\"widget\" data-e-type=\"widget\" data-widget_type=\"heading.default\">\n\t\t\t\t<div class=\"elementor-widget-container\">\n\t\t\t\t\t<h4 class=\"elementor-heading-title elementor-size-default\">General information:<\/h4>\t\t\t\t<\/div>\n\t\t\t\t<\/div>\n\t\t\t\t<div class=\"elementor-element elementor-element-76f0597d elementor-widget__width-initial elementor-widget elementor-widget-text-editor\" data-id=\"76f0597d\" data-element_type=\"widget\" data-e-type=\"widget\" data-widget_type=\"text-editor.default\">\n\t\t\t\t<div class=\"elementor-widget-container\">\n\t\t\t\t\t\t\t\t\t<p>On our bike tour we use lightweight adjustable bikes with hand brakes, available in all sizes.<br \/><br \/>Our tours are suitable for all ages and family friendly - we have children\u2019s bikes and seats available, basic cycling experience is of course a prerequisite for all ages.<br \/><br \/>Tour runs in all weather conditions - we provide rain ponchos.<br \/><br \/>The tour is mostly on designated cycle paths and mostly on flat terrain.<\/p>\t\t\t\t\t\t\t\t<\/div>\n\t\t\t\t<\/div>\n\t\t\t\t\t<\/div>\n\t\t<\/div>\n\t\t\t\t\t<\/div>\n\t\t<\/section>\n\t\t\t\t<section class=\"elementor-section elementor-inner-section elementor-element elementor-element-574853a2 elementor-section-boxed elementor-section-height-default elementor-section-height-default\" data-id=\"574853a2\" data-element_type=\"section\" data-e-type=\"section\">\n\t\t\t\t\t\t<div class=\"elementor-container elementor-column-gap-wide\">\n\t\t\t\t\t<div class=\"elementor-column elementor-col-50 elementor-inner-column elementor-element elementor-element-734aace1\" data-id=\"734aace1\" data-element_type=\"column\" data-e-type=\"column\">\n\t\t\t<div class=\"elementor-widget-wrap elementor-element-populated\">\n\t\t\t\t\t\t<div class=\"elementor-element elementor-element-2a8502bb elementor-widget elementor-widget-heading\" data-id=\"2a8502bb\" data-element_type=\"widget\" data-e-type=\"widget\" data-widget_type=\"heading.default\">\n\t\t\t\t<div class=\"elementor-widget-container\">\n\t\t\t\t\t<h4 class=\"elementor-heading-title elementor-size-default\">Additional information about the rental<\/h4>\t\t\t\t<\/div>\n\t\t\t\t<\/div>\n\t\t\t\t<div class=\"elementor-element elementor-element-58e78909 elementor-widget elementor-widget-text-editor\" data-id=\"58e78909\" data-element_type=\"widget\" data-e-type=\"widget\" data-widget_type=\"text-editor.default\">\n\t\t\t\t<div class=\"elementor-widget-container\">\n\t\t\t\t\t\t\t\t\t<p><strong>Departure point:<\/strong> Pick-up from your hotel<\/p><p>April to October<br \/>Saturday and Sunday<br \/>08:30 a.m.<\/p>\t\t\t\t\t\t\t\t<\/div>\n\t\t\t\t<\/div>\n\t\t\t\t<div class=\"elementor-element elementor-element-63217266 elementor-widget elementor-widget-heading\" data-id=\"63217266\" data-element_type=\"widget\" data-e-type=\"widget\" data-widget_type=\"heading.default\">\n\t\t\t\t<div class=\"elementor-widget-container\">\n\t\t\t\t\t<h4 class=\"elementor-heading-title elementor-size-default\">The tour includes<\/h4>\t\t\t\t<\/div>\n\t\t\t\t<\/div>\n\t\t\t\t<div class=\"elementor-element elementor-element-13c06485 elementor-widget elementor-widget-text-editor\" data-id=\"13c06485\" data-element_type=\"widget\" data-e-type=\"widget\" data-widget_type=\"text-editor.default\">\n\t\t\t\t<div class=\"elementor-widget-container\">\n\t\t\t\t\t\t\t\t\t<ul><li>Trekking bikes for the tour<\/li><li>Guide<\/li><li>Helmet - optional<\/li><li>Wine tastings<\/li><li>Lunch<\/li><li>Water<\/li><li>Transport to\/from the Wachau Valley by train<\/li><\/ul>\t\t\t\t\t\t\t\t<\/div>\n\t\t\t\t<\/div>\n\t\t\t\t\t<\/div>\n\t\t<\/div>\n\t\t\t\t<div class=\"elementor-column elementor-col-50 elementor-inner-column elementor-element elementor-element-36d1fe9a\" data-id=\"36d1fe9a\" data-element_type=\"column\" data-e-type=\"column\">\n\t\t\t<div class=\"elementor-widget-wrap elementor-element-populated\">\n\t\t\t\t\t\t<div class=\"elementor-element elementor-element-52375523 elementor-widget elementor-widget-heading\" data-id=\"52375523\" data-element_type=\"widget\" data-e-type=\"widget\" data-widget_type=\"heading.default\">\n\t\t\t\t<div class=\"elementor-widget-container\">\n\t\t\t\t\t<h4 class=\"elementor-heading-title elementor-size-default\">Prices and further details<\/h4>\t\t\t\t<\/div>\n\t\t\t\t<\/div>\n\t\t\t\t<div class=\"elementor-element elementor-element-707de0eb elementor-widget__width-initial elementor-widget elementor-widget-text-editor\" data-id=\"707de0eb\" data-element_type=\"widget\" data-e-type=\"widget\" data-widget_type=\"text-editor.default\">\n\t\t\t\t<div class=\"elementor-widget-container\">\n\t\t\t\t\t\t\t\t\t<p class=\"p1\"><strong>Language:<\/strong>\u00a0English<strong><br \/>Group:\u00a0<\/strong>max. 15 persons<br \/><strong>Duration:<\/strong> up to 11 hours<\/p><p><strong>Price: Guide for the day\u00a0<\/strong> \u20ac600.-<br \/><strong>Per person:<\/strong> \u20ac100,-<\/p><p><span style=\"color: var(--theme-text-color); font-size: inherit; font-style: var(--theme-font-style, inherit); letter-spacing: var(--theme-letter-spacing); text-align: inherit; text-transform: var(--theme-text-transform);\">Included (hotel pick-up, transport, food, bike hire, water for the tour and wine tastings)\u00a0 \u00a0 \u00a0 \u00a0 \u00a0 \u00a0 \u00a0 \u00a0 \u00a0 \u00a0 \u00a0 \u00a0 \u00a0<\/span><\/p>\t\t\t\t\t\t\t\t<\/div>\n\t\t\t\t<\/div>\n\t\t\t\t\t<\/div>\n\t\t<\/div>\n\t\t\t\t\t<\/div>\n\t\t<\/section>\n\t\t\t\t<div class=\"elementor-element elementor-element-47e29bb1 elementor-tablet-align-left magic-hover magic-hover__square elementor-align-left elementor-mobile-align-center elementor-widget elementor-widget-button\" data-id=\"47e29bb1\" data-element_type=\"widget\" data-e-type=\"widget\" data-widget_type=\"button.default\">\n\t\t\t\t<div class=\"elementor-widget-container\">\n\t\t\t\t\t\t\t\t\t<div class=\"elementor-button-wrapper\">\n\t\t\t\t\t<a class=\"elementor-button elementor-button-link elementor-size-lg elementor-animation-wobble-horizontal\" href=\"https:\/\/velopoldvienna.com\/en\/buchungsanfrage-fur-private-tour\/\">\n\t\t\t\t\t\t<span class=\"elementor-button-content-wrapper\">\n\t\t\t\t\t\t\t\t\t<span class=\"elementor-button-text\">Booking enquiry!<\/span>\n\t\t\t\t\t<\/span>\n\t\t\t\t\t<\/a>\n\t\t\t\t<\/div>\n\t\t\t\t\t\t\t\t<\/div>\n\t\t\t\t<\/div>\n\t\t\t\t\t<\/div>\n\t\t<\/div>\n\t\t\t\t\t<\/div>\n\t\t<\/section>\n\t\t\t\t<\/div>","protected":false},"excerpt":{"rendered":"<p>Private Fahrradtour durch das Wachautal (bis zu 11-st\u00fcndige Tour) Das erwartet dich! Begeben Sie sich auf eine einzigartige Winzerradtour durch die bezaubernde Wachau. Erkunden Sie malerische D\u00f6rfer wie Stein, D\u00fcrnstein und Wei\u00dfenkirchen. Lassen Sie die \u00fcblichen Museums- und Kirchenbesuche hinter sich und tauchen Sie auf einer Rad- und Weinverkostungstour mit einer kleinen Gruppe in \u00d6sterreichs [&hellip;]<\/p>\n","protected":false},"author":1,"featured_media":0,"parent":0,"menu_order":0,"comment_status":"closed","ping_status":"closed","template":"","meta":{"footnotes":""},"class_list":["post-3083","page","type-page","status-publish","hentry"],"blocksy_meta":[],"_links":{"self":[{"href":"https:\/\/velopoldvienna.com\/en\/wp-json\/wp\/v2\/pages\/3083","targetHints":{"allow":["GET"]}}],"collection":[{"href":"https:\/\/velopoldvienna.com\/en\/wp-json\/wp\/v2\/pages"}],"about":[{"href":"https:\/\/velopoldvienna.com\/en\/wp-json\/wp\/v2\/types\/page"}],"author":[{"embeddable":true,"href":"https:\/\/velopoldvienna.com\/en\/wp-json\/wp\/v2\/users\/1"}],"replies":[{"embeddable":true,"href":"https:\/\/velopoldvienna.com\/en\/wp-json\/wp\/v2\/comments?post=3083"}],"version-history":[{"count":0,"href":"https:\/\/velopoldvienna.com\/en\/wp-json\/wp\/v2\/pages\/3083\/revisions"}],"wp:attachment":[{"href":"https:\/\/velopoldvienna.com\/en\/wp-json\/wp\/v2\/media?parent=3083"}],"curies":[{"name":"wp","href":"https:\/\/api.w.org\/{rel}","templated":true}]}}