{"id":309,"date":"2020-04-16T13:50:13","date_gmt":"2020-04-16T11:50:13","guid":{"rendered":"https:\/\/demo.creativethemes.com\/blocksy\/travel\/?page_id=3"},"modified":"2023-03-23T14:57:54","modified_gmt":"2023-03-23T13:57:54","slug":"impressum","status":"publish","type":"page","link":"https:\/\/velopoldvienna.com\/en\/impressum\/","title":{"rendered":"Imprint"},"content":{"rendered":"<div data-elementor-type=\"wp-page\" data-elementor-id=\"309\" class=\"elementor elementor-309\" data-elementor-post-type=\"page\">\n\t\t\t\t\t\t<section class=\"elementor-section elementor-top-section elementor-element elementor-element-3d816a61 elementor-section-boxed elementor-section-height-default elementor-section-height-default\" data-id=\"3d816a61\" data-element_type=\"section\" data-e-type=\"section\">\n\t\t\t\t\t\t<div class=\"elementor-container elementor-column-gap-default\">\n\t\t\t\t\t<div class=\"elementor-column elementor-col-100 elementor-top-column elementor-element elementor-element-595b6791\" data-id=\"595b6791\" data-element_type=\"column\" data-e-type=\"column\">\n\t\t\t<div class=\"elementor-widget-wrap elementor-element-populated\">\n\t\t\t\t\t\t<div class=\"elementor-element elementor-element-43a3a8b elementor-widget elementor-widget-heading\" data-id=\"43a3a8b\" data-element_type=\"widget\" data-e-type=\"widget\" data-widget_type=\"heading.default\">\n\t\t\t\t<div class=\"elementor-widget-container\">\n\t\t\t\t\t<h1 class=\"elementor-heading-title elementor-size-default\">Imprint<\/h1>\t\t\t\t<\/div>\n\t\t\t\t<\/div>\n\t\t\t\t<div class=\"elementor-element elementor-element-5a44555 elementor-widget elementor-widget-text-editor\" data-id=\"5a44555\" data-element_type=\"widget\" data-e-type=\"widget\" data-widget_type=\"text-editor.default\">\n\t\t\t\t<div class=\"elementor-widget-container\">\n\t\t\t\t\t\t\t\t\t<p><\/p>\n<p><span style=\"color: #0f1f30; font-family: Roboto; font-size: 18px;\">Duty to inform according to \u00a75 E-Commerce Act, \u00a714 Company Code, \u00a763 Trade Regulation Act and duty to disclose according to \u00a725 Media Act.<\/span><\/p>\n<p><\/p>\t\t\t\t\t\t\t\t<\/div>\n\t\t\t\t<\/div>\n\t\t\t\t<section class=\"elementor-section elementor-inner-section elementor-element elementor-element-3ee5dc1 elementor-section-boxed elementor-section-height-default elementor-section-height-default\" data-id=\"3ee5dc1\" data-element_type=\"section\" data-e-type=\"section\">\n\t\t\t\t\t\t<div class=\"elementor-container elementor-column-gap-default\">\n\t\t\t\t\t<div class=\"elementor-column elementor-col-50 elementor-inner-column elementor-element elementor-element-1fb74eb\" data-id=\"1fb74eb\" data-element_type=\"column\" data-e-type=\"column\">\n\t\t\t<div class=\"elementor-widget-wrap elementor-element-populated\">\n\t\t\t\t\t\t<div class=\"elementor-element elementor-element-72481eb elementor-widget elementor-widget-text-editor\" data-id=\"72481eb\" data-element_type=\"widget\" data-e-type=\"widget\" data-widget_type=\"text-editor.default\">\n\t\t\t\t<div class=\"elementor-widget-container\">\n\t\t\t\t\t\t\t\t\t<p>Velopoldvienna Rental Service and Tours e.U.<br \/>Shema Ermeas Kaza<br \/>Oberm\u00fcllnerstrasse 11<br \/>1020 Vienna<br \/>Austria<\/p>\n<p><strong>Object of the company:<\/strong>\u00a0Bicycle rental, bicycle service and city tours<br \/><strong>UID number:<\/strong>\u00a0ATU74920179<br \/><strong>GLN:<\/strong>\u00a09110027494735<br \/><strong>GISA:<\/strong>\u00a032578652, 32135312, 32135367<br \/><strong>Company register number:<\/strong>\u00a0512900s<br \/><strong>Company Register Court:<\/strong>\u00a0Commercial Court Vienna<br \/><strong>Registered office:<\/strong>\u00a0Vienna<\/p>\n<p><strong>Tel:<\/strong>\u00a0+436601190120<br \/><strong>E-mail:<\/strong>\u00a0<a href=\"mailto:office@velopoldvienna.com\">office@velopoldvienna.com<\/a><\/p>\n<p><strong>Member of:<\/strong> WKO<br \/><strong>Supervisory authority\/commercial authority:<\/strong>\u00a0Magistrate's District Office of the II District<br \/><strong>Job title:<\/strong>\u00a0Bicycle rental, bicycle service and city tours<br \/><strong>Awarding State:<\/strong>\u00a0Austria<\/p>\t\t\t\t\t\t\t\t<\/div>\n\t\t\t\t<\/div>\n\t\t\t\t\t<\/div>\n\t\t<\/div>\n\t\t\t\t<div class=\"elementor-column elementor-col-50 elementor-inner-column elementor-element elementor-element-3b25ac3\" data-id=\"3b25ac3\" data-element_type=\"column\" data-e-type=\"column\">\n\t\t\t<div class=\"elementor-widget-wrap elementor-element-populated\">\n\t\t\t\t\t\t<div class=\"elementor-element elementor-element-8033931 elementor-widget elementor-widget-text-editor\" data-id=\"8033931\" data-element_type=\"widget\" data-e-type=\"widget\" data-widget_type=\"text-editor.default\">\n\t\t\t\t<div class=\"elementor-widget-container\">\n\t\t\t\t\t\t\t\t\t<p><strong>Contact details of the person responsible for data protection<br \/><\/strong><br \/>If you have any questions about data protection, you will find the contact details of the responsible person or office below:<br \/><br \/>Velopoldvienna Rental Service and Tours e.U.<br \/>Shema Ermeas Kaza<br \/>Oberm\u00fcllnerstrasse 11\/1<br \/>1020 Vienna<br \/>Austria<br \/><br \/>Authorised to represent: Shema Ermeas Kaza<br \/><br \/>E-mail address:\u00a0<a href=\"mailto:office@velopoldvienna.com\">office@velopoldvienna.com<\/a><br \/>Phone: +436601190120<br \/>Imprint:\u00a0<a href=\"https:\/\/velopoldvienna.com\/en\/impressum\/\" target=\"_self\" rel=\"noopener\">https:\/\/velopoldvienna.com\/en\/impressum\/<\/a><\/p>\t\t\t\t\t\t\t\t<\/div>\n\t\t\t\t<\/div>\n\t\t\t\t\t<\/div>\n\t\t<\/div>\n\t\t\t\t\t<\/div>\n\t\t<\/section>\n\t\t\t\t\t<\/div>\n\t\t<\/div>\n\t\t\t\t\t<\/div>\n\t\t<\/section>\n\t\t\t\t<section class=\"elementor-section elementor-top-section elementor-element elementor-element-8a6e43a elementor-section-boxed elementor-section-height-default elementor-section-height-default\" data-id=\"8a6e43a\" data-element_type=\"section\" data-e-type=\"section\">\n\t\t\t\t\t\t<div class=\"elementor-container elementor-column-gap-default\">\n\t\t\t\t\t<div class=\"elementor-column elementor-col-100 elementor-top-column elementor-element elementor-element-c6b8659\" data-id=\"c6b8659\" data-element_type=\"column\" data-e-type=\"column\">\n\t\t\t<div class=\"elementor-widget-wrap elementor-element-populated\">\n\t\t\t\t\t\t<div class=\"elementor-element elementor-element-3f7781e elementor-widget elementor-widget-text-editor\" data-id=\"3f7781e\" data-element_type=\"widget\" data-e-type=\"widget\" data-widget_type=\"text-editor.default\">\n\t\t\t\t<div class=\"elementor-widget-container\">\n\t\t\t\t\t\t\t\t\t<h2 id=\"eu-streitschlichtung\" class=\"adsimple-121941346 fusion-responsive-typography-calculated\" data-fontsize=\"24\" data-lineheight=\"36px\">EU Dispute Settlement<\/h2>\n<p>In accordance with the Regulation on Online Dispute Resolution in Consumer Matters (ODR Regulation), we would like to inform you about the online dispute resolution platform (OS platform).<br \/>Consumers have the possibility to submit complaints to the European Commission's online dispute resolution platform at\u00a0<a class=\"adsimple-121941346\" href=\"https:\/\/ec.europa.eu\/consumers\/odr\/main\/index.cfm?event=main.home2.show&amp;lng=DE\" target=\"_blank\" rel=\"follow noopener\">https:\/\/ec.europa.eu\/consumers\/odr\/main\/index.cfm?event=main.home2.show&amp;lng=DE<\/a>\u00a0You will find the necessary contact details above in our imprint.<\/p>\n<p>However, we would like to point out that we are not willing or obliged to participate in dispute resolution proceedings before a consumer arbitration board.<\/p>\n<h2 id=\"haftung-fuer-inhalte-dieser-webseite\" class=\"adsimple-121941346 fusion-responsive-typography-calculated\" data-fontsize=\"24\" data-lineheight=\"36px\">Liability for the contents of this website<\/h2>\n<p>We are constantly developing the content of this website and strive to provide accurate and up-to-date information. Unfortunately, we cannot assume any liability for the correctness of all content on this website, especially for that provided by third parties. As a service provider, we are not obliged to monitor the information transmitted or stored by them or to investigate circumstances that indicate illegal activity.<\/p>\n<p>Our obligations to remove information or to block the use of information in accordance with general laws due to court or official orders remain unaffected by this, even in the case of our non-responsibility.<\/p>\n<p>If you notice problematic or illegal content, please contact us immediately so that we can remove the illegal content. You will find the contact details in the imprint.<\/p>\n<h2 id=\"haftung-links-webseite\" class=\"adsimple-121941346 fusion-responsive-typography-calculated\" data-fontsize=\"24\" data-lineheight=\"36px\">Liability for links on this website<\/h2>\n<p>Our website contains links to other websites for whose content we are not responsible. We are not liable for linked websites, as we were and are not aware of any illegal activities, have not noticed any such illegalities to date and would remove links immediately if we became aware of any illegalities.<\/p>\n<p>If you notice illegal links on our website, please contact us. You will find the contact details in the imprint.<\/p>\n<h2 id=\"urheberrechtshinweis\" class=\"adsimple-121941346 fusion-responsive-typography-calculated\" data-fontsize=\"24\" data-lineheight=\"36px\">Copyright notice<\/h2>\n<p>All contents of this website (images, photos, texts, videos) are subject to copyright. Please consult us before you distribute, reproduce or exploit the content of this website, such as republishing it on other websites. If necessary, we will legally pursue the unauthorised use of parts of the contents of our site.<\/p>\n<p>If you find any content on this website that infringes copyright, please contact us.<\/p>\n<h2 id=\"bildernachweis\" class=\"adsimple-121941346 fusion-responsive-typography-calculated\" data-fontsize=\"24\" data-lineheight=\"36px\">Picture credits<\/h2>\n<p>The images, photos and graphics on this website are protected by copyright.<\/p>\n<p>The image rights are held by the following photographers and companies:<\/p>\n<ul class=\"adsimple-121941346\">\n<li class=\"adsimple-121941346\">Velopold Vienna<\/li>\n<\/ul>\n<p>All texts are protected by copyright.<\/p>\n<p>Source: Created with the\u00a0<a title=\"Imprint Generator from AdSimple for Austria\" href=\"https:\/\/www.adsimple.at\/impressum-generator\/\" target=\"_blank\" rel=\"noopener\">Imprint Generator<\/a>\u00a0from AdSimple<\/p>\t\t\t\t\t\t\t\t<\/div>\n\t\t\t\t<\/div>\n\t\t\t\t\t<\/div>\n\t\t<\/div>\n\t\t\t\t\t<\/div>\n\t\t<\/section>\n\t\t\t\t<\/div>","protected":false},"excerpt":{"rendered":"<p>Impressum Informationspflicht laut \u00a75 E-Commerce Gesetz, \u00a714 Unternehmensgesetzbuch, \u00a763 Gewerbeordnung und Offenlegungspflicht laut \u00a725 Mediengesetz. Velopoldvienna Rental Service and Tours e.U.Shema Ermeas KazaOberm\u00fcllnerstra\u00dfe 111020 Wien\u00d6sterreich Unternehmensgegenstand:\u00a0Fahrradverleih, Fahrradservice und Stadtf\u00fchrungenUID-Nummer:\u00a0ATU74920179GLN:\u00a09110027494735GISA:\u00a032578652, 32135312, 32135367Firmenbuchnummer:\u00a0512900sFirmenbuchgericht:\u00a0Handelsgericht WienFirmensitz:\u00a0Wien Tel.:\u00a0+436601190120E-Mail:\u00a0office@velopoldvienna.com Mitglied bei: WKOAufsichtsbeh\u00f6rde\/Gewerbebeh\u00f6rde:\u00a0Magistratisches Bezirksamt des II. BezirkesBerufsbezeichnung:\u00a0Fahrradverleih, Fahrradservice und Stadtf\u00fchrungenVerleihungsstaat:\u00a0\u00d6sterreich Kontaktdaten des Verantwortlichen f\u00fcr DatenschutzSollten Sie Fragen zum Datenschutz haben, finden Sie [&hellip;]<\/p>\n","protected":false},"author":1,"featured_media":0,"parent":0,"menu_order":0,"comment_status":"closed","ping_status":"closed","template":"","meta":{"footnotes":""},"class_list":["post-309","page","type-page","status-publish","hentry"],"blocksy_meta":{"styles_descriptor":{"styles":{"desktop":"","tablet":"","mobile":""},"google_fonts":[],"version":6}},"_links":{"self":[{"href":"https:\/\/velopoldvienna.com\/en\/wp-json\/wp\/v2\/pages\/309","targetHints":{"allow":["GET"]}}],"collection":[{"href":"https:\/\/velopoldvienna.com\/en\/wp-json\/wp\/v2\/pages"}],"about":[{"href":"https:\/\/velopoldvienna.com\/en\/wp-json\/wp\/v2\/types\/page"}],"author":[{"embeddable":true,"href":"https:\/\/velopoldvienna.com\/en\/wp-json\/wp\/v2\/users\/1"}],"replies":[{"embeddable":true,"href":"https:\/\/velopoldvienna.com\/en\/wp-json\/wp\/v2\/comments?post=309"}],"version-history":[{"count":0,"href":"https:\/\/velopoldvienna.com\/en\/wp-json\/wp\/v2\/pages\/309\/revisions"}],"wp:attachment":[{"href":"https:\/\/velopoldvienna.com\/en\/wp-json\/wp\/v2\/media?parent=309"}],"curies":[{"name":"wp","href":"https:\/\/api.w.org\/{rel}","templated":true}]}}