{"id":356,"date":"2022-01-14T15:00:51","date_gmt":"2022-01-14T14:00:51","guid":{"rendered":"https:\/\/velopoldvienna.com\/?page_id=356"},"modified":"2024-05-14T18:45:39","modified_gmt":"2024-05-14T16:45:39","slug":"buchungsanfrage","status":"publish","type":"page","link":"https:\/\/velopoldvienna.com\/en\/buchungsanfrage\/","title":{"rendered":"Booking request"},"content":{"rendered":"\t\t<div data-elementor-type=\"wp-page\" data-elementor-id=\"356\" class=\"elementor elementor-356\" data-elementor-post-type=\"page\">\n\t\t\t\t<div class=\"elementor-element elementor-element-a3e42ea e-flex e-con-boxed e-con e-parent\" data-id=\"a3e42ea\" data-element_type=\"container\" data-e-type=\"container\" data-settings=\"{&quot;background_background&quot;:&quot;classic&quot;}\">\n\t\t\t\t\t<div class=\"e-con-inner\">\n\t\t\t\t<div class=\"elementor-element elementor-element-2952357 elementor-widget elementor-widget-heading\" data-id=\"2952357\" data-element_type=\"widget\" data-e-type=\"widget\" data-widget_type=\"heading.default\">\n\t\t\t\t<div class=\"elementor-widget-container\">\n\t\t\t\t\t<h2 class=\"elementor-heading-title elementor-size-default\">Buchungsanfrage<\/h2>\t\t\t\t<\/div>\n\t\t\t\t<\/div>\n\t\t<div class=\"elementor-element elementor-element-edf3dfa e-con-full e-flex e-con e-child\" data-id=\"edf3dfa\" data-element_type=\"container\" data-e-type=\"container\" data-settings=\"{&quot;background_background&quot;:&quot;classic&quot;}\">\n\t\t\t\t<div class=\"elementor-element elementor-element-b46d729 elementor-button-align-end elementor-widget elementor-widget-form\" data-id=\"b46d729\" data-element_type=\"widget\" data-e-type=\"widget\" data-settings=\"{&quot;step_next_label&quot;:&quot;Weiter&quot;,&quot;step_previous_label&quot;:&quot;Zur\\u00fcck&quot;,&quot;step_type&quot;:&quot;text&quot;,&quot;button_width&quot;:&quot;100&quot;}\" data-widget_type=\"form.default\">\n\t\t\t\t<div class=\"elementor-widget-container\">\n\t\t\t\t\t\t\t<form class=\"elementor-form\" method=\"post\" id=\"BA01\" name=\"Buchungsanfrage\" aria-label=\"Buchungsanfrage\">\n\t\t\t<input type=\"hidden\" name=\"post_id\" value=\"356\"\/>\n\t\t\t<input type=\"hidden\" name=\"form_id\" value=\"b46d729\"\/>\n\t\t\t<input type=\"hidden\" name=\"referer_title\" value=\"Buchungsanfrage - Velopold Vienna\" \/>\n\n\t\t\t\t\t\t\t<input type=\"hidden\" name=\"queried_id\" value=\"356\"\/>\n\t\t\t\n\t\t\t<div class=\"elementor-form-fields-wrapper elementor-labels-above\">\n\t\t\t\t\t\t\t\t<div class=\"elementor-field-type-html elementor-field-group elementor-column elementor-field-group-field_0bf9d6b elementor-col-100\">\n\t\t\t\t\t<h6> Kontaktdaten <\/h6>\t\t\t\t<\/div>\n\t\t\t\t\t\t\t\t<div class=\"elementor-field-type-text elementor-field-group elementor-column elementor-field-group-name elementor-col-50 elementor-sm-100 elementor-field-required elementor-mark-required\">\n\t\t\t\t\t\t\t\t\t\t\t\t<label for=\"form-field-name\" class=\"elementor-field-label\">\n\t\t\t\t\t\t\t\tVorname\t\t\t\t\t\t\t<\/label>\n\t\t\t\t\t\t\t\t\t\t\t\t\t\t<input size=\"1\" type=\"text\" name=\"form_fields[name]\" id=\"form-field-name\" class=\"elementor-field elementor-size-sm  elementor-field-textual\" required=\"required\">\n\t\t\t\t\t\t\t\t\t\t\t<\/div>\n\t\t\t\t\t\t\t\t<div class=\"elementor-field-type-text elementor-field-group elementor-column elementor-field-group-field_134e219 elementor-col-50 elementor-sm-100 elementor-field-required elementor-mark-required\">\n\t\t\t\t\t\t\t\t\t\t\t\t<label for=\"form-field-field_134e219\" class=\"elementor-field-label\">\n\t\t\t\t\t\t\t\tNachname\t\t\t\t\t\t\t<\/label>\n\t\t\t\t\t\t\t\t\t\t\t\t\t\t<input size=\"1\" type=\"text\" name=\"form_fields[field_134e219]\" id=\"form-field-field_134e219\" class=\"elementor-field elementor-size-sm  elementor-field-textual\" required=\"required\">\n\t\t\t\t\t\t\t\t\t\t\t<\/div>\n\t\t\t\t\t\t\t\t<div class=\"elementor-field-type-email elementor-field-group elementor-column elementor-field-group-email elementor-col-50 elementor-sm-50 elementor-field-required elementor-mark-required\">\n\t\t\t\t\t\t\t\t\t\t\t\t<label for=\"form-field-email\" class=\"elementor-field-label\">\n\t\t\t\t\t\t\t\tEmail\t\t\t\t\t\t\t<\/label>\n\t\t\t\t\t\t\t\t\t\t\t\t\t\t<input size=\"1\" type=\"email\" name=\"form_fields[email]\" id=\"form-field-email\" class=\"elementor-field elementor-size-sm  elementor-field-textual\" required=\"required\">\n\t\t\t\t\t\t\t\t\t\t\t<\/div>\n\t\t\t\t\t\t\t\t<div class=\"elementor-field-type-tel elementor-field-group elementor-column elementor-field-group-field_423cdb8 elementor-col-50 elementor-sm-50 elementor-field-required elementor-mark-required\">\n\t\t\t\t\t\t\t\t\t\t\t\t<label for=\"form-field-field_423cdb8\" class=\"elementor-field-label\">\n\t\t\t\t\t\t\t\tTel.Nr.\t\t\t\t\t\t\t<\/label>\n\t\t\t\t\t\t\t\t<input size=\"1\" type=\"tel\" name=\"form_fields[field_423cdb8]\" id=\"form-field-field_423cdb8\" class=\"elementor-field elementor-size-sm  elementor-field-textual\" placeholder=\"+49 123 4567690\" required=\"required\" pattern=\"[0-9()#&amp;+*-=.]+\" title=\"Es werden nur Zahlen und Telefonzeichen (#, -, *, usw.) akzeptiert.\">\n\n\t\t\t\t\t\t<\/div>\n\t\t\t\t\t\t\t\t<div class=\"elementor-field-type-date elementor-field-group elementor-column elementor-field-group-field_31b4cbd elementor-col-25 elementor-sm-50\">\n\t\t\t\t\t\t\t\t\t\t\t\t<label for=\"form-field-field_31b4cbd\" class=\"elementor-field-label\">\n\t\t\t\t\t\t\t\tDatum ab:\t\t\t\t\t\t\t<\/label>\n\t\t\t\t\t\t\n\t\t<input type=\"date\" name=\"form_fields[field_31b4cbd]\" id=\"form-field-field_31b4cbd\" class=\"elementor-field elementor-size-sm  elementor-field-textual elementor-date-field\" pattern=\"[0-9]{4}-[0-9]{2}-[0-9]{2}\">\n\t\t\t\t\t\t<\/div>\n\t\t\t\t\t\t\t\t<div class=\"elementor-field-type-time elementor-field-group elementor-column elementor-field-group-field_acda032 elementor-col-25 elementor-sm-50\">\n\t\t\t\t\t\t\t\t\t\t\t\t<label for=\"form-field-field_acda032\" class=\"elementor-field-label\">\n\t\t\t\t\t\t\t\tZeit ab:\t\t\t\t\t\t\t<\/label>\n\t\t\t\t\t\t\t\t<input type=\"time\" name=\"form_fields[field_acda032]\" id=\"form-field-field_acda032\" class=\"elementor-field elementor-size-sm  elementor-field-textual elementor-time-field\">\n\t\t\t\t\t\t<\/div>\n\t\t\t\t\t\t\t\t<div class=\"elementor-field-type-date elementor-field-group elementor-column elementor-field-group-field_02f2e80 elementor-col-25 elementor-sm-50\">\n\t\t\t\t\t\t\t\t\t\t\t\t<label for=\"form-field-field_02f2e80\" class=\"elementor-field-label\">\n\t\t\t\t\t\t\t\tDatum bis:\t\t\t\t\t\t\t<\/label>\n\t\t\t\t\t\t\n\t\t<input type=\"date\" name=\"form_fields[field_02f2e80]\" id=\"form-field-field_02f2e80\" class=\"elementor-field elementor-size-sm  elementor-field-textual elementor-date-field\" pattern=\"[0-9]{4}-[0-9]{2}-[0-9]{2}\" min=\"2022-01-21\">\n\t\t\t\t\t\t<\/div>\n\t\t\t\t\t\t\t\t<div class=\"elementor-field-type-time elementor-field-group elementor-column elementor-field-group-field_c0be0dc elementor-col-25 elementor-sm-50\">\n\t\t\t\t\t\t\t\t\t\t\t\t<label for=\"form-field-field_c0be0dc\" class=\"elementor-field-label\">\n\t\t\t\t\t\t\t\tZeit bis:\t\t\t\t\t\t\t<\/label>\n\t\t\t\t\t\t\t\t<input type=\"time\" name=\"form_fields[field_c0be0dc]\" id=\"form-field-field_c0be0dc\" class=\"elementor-field elementor-size-sm  elementor-field-textual elementor-time-field\">\n\t\t\t\t\t\t<\/div>\n\t\t\t\t\t\t\t\t<div class=\"elementor-field-type-html elementor-field-group elementor-column elementor-field-group-field_dfc6d02 elementor-col-100\">\n\t\t\t\t\t<h6> Buchung <\/h6>\t\t\t\t<\/div>\n\t\t\t\t\t\t\t\t<div class=\"elementor-field-type-checkbox elementor-field-group elementor-column elementor-field-group-field_bdbb0d2 elementor-col-100\">\n\t\t\t\t\t\t\t\t\t\t\t\t<label for=\"form-field-field_bdbb0d2\" class=\"elementor-field-label\">\n\t\t\t\t\t\t\t\tIch interessiere mich f\u00fcr...\t\t\t\t\t\t\t<\/label>\n\t\t\t\t\t\t<div class=\"elementor-field-subgroup  \"><span class=\"elementor-field-option\"><input type=\"checkbox\" value=\"Fahrradvermietung\" id=\"form-field-field_bdbb0d2-0\" name=\"form_fields[field_bdbb0d2][]\"> <label for=\"form-field-field_bdbb0d2-0\">Fahrradvermietung<\/label><\/span><span class=\"elementor-field-option\"><input type=\"checkbox\" value=\"E-Bike\" id=\"form-field-field_bdbb0d2-1\" name=\"form_fields[field_bdbb0d2][]\"> <label for=\"form-field-field_bdbb0d2-1\">E-Bike<\/label><\/span><span class=\"elementor-field-option\"><input type=\"checkbox\" value=\"Private Tour\" id=\"form-field-field_bdbb0d2-2\" name=\"form_fields[field_bdbb0d2][]\"> <label for=\"form-field-field_bdbb0d2-2\">Private Tour<\/label><\/span><span class=\"elementor-field-option\"><input type=\"checkbox\" value=\"Andere Informationen\" id=\"form-field-field_bdbb0d2-3\" name=\"form_fields[field_bdbb0d2][]\"> <label for=\"form-field-field_bdbb0d2-3\">Andere Informationen<\/label><\/span><span class=\"elementor-field-option\"><input type=\"checkbox\" value=\"Langzeitmiete\" id=\"form-field-field_bdbb0d2-4\" name=\"form_fields[field_bdbb0d2][]\"> <label for=\"form-field-field_bdbb0d2-4\">Langzeitmiete<\/label><\/span><\/div>\t\t\t\t<\/div>\n\t\t\t\t\t\t\t\t<div class=\"elementor-field-type-select elementor-field-group elementor-column elementor-field-group-field_322b4f9 elementor-col-50 elementor-sm-50\">\n\t\t\t\t\t\t\t\t\t\t\t\t<label for=\"form-field-field_322b4f9\" class=\"elementor-field-label\">\n\t\t\t\t\t\t\t\tWie viele Herrenr\u00e4der ben\u00f6tigen Sie?\t\t\t\t\t\t\t<\/label>\n\t\t\t\t\t\t\t\t<div class=\"elementor-field elementor-select-wrapper remove-before \">\n\t\t\t<div class=\"select-caret-down-wrapper\">\n\t\t\t\t<svg aria-hidden=\"true\" class=\"e-font-icon-svg e-eicon-caret-down\" viewBox=\"0 0 571.4 571.4\" xmlns=\"http:\/\/www.w3.org\/2000\/svg\"><path d=\"M571 393Q571 407 561 418L311 668Q300 679 286 679T261 668L11 418Q0 407 0 393T11 368 36 357H536Q550 357 561 368T571 393Z\"><\/path><\/svg>\t\t\t<\/div>\n\t\t\t<select name=\"form_fields[field_322b4f9]\" id=\"form-field-field_322b4f9\" class=\"elementor-field-textual elementor-size-sm\">\n\t\t\t\t\t\t\t\t\t<option value=\"keine\">keine<\/option>\n\t\t\t\t\t\t\t\t\t<option value=\"1\">1<\/option>\n\t\t\t\t\t\t\t\t\t<option value=\"2\">2<\/option>\n\t\t\t\t\t\t\t\t\t<option value=\"3\">3<\/option>\n\t\t\t\t\t\t\t\t\t<option value=\"4\">4<\/option>\n\t\t\t\t\t\t\t\t\t<option value=\"5\">5<\/option>\n\t\t\t\t\t\t\t\t\t<option value=\"6\">6<\/option>\n\t\t\t\t\t\t\t\t\t<option value=\"7\">7<\/option>\n\t\t\t\t\t\t\t\t\t<option value=\"8\">8<\/option>\n\t\t\t\t\t\t\t\t\t<option value=\"9\">9<\/option>\n\t\t\t\t\t\t\t\t\t<option value=\"10\">10<\/option>\n\t\t\t\t\t\t\t\t\t<option value=\"11\">11<\/option>\n\t\t\t\t\t\t\t\t\t<option value=\"12\">12<\/option>\n\t\t\t\t\t\t\t\t\t<option value=\"13\">13<\/option>\n\t\t\t\t\t\t\t\t\t<option value=\"14\">14<\/option>\n\t\t\t\t\t\t\t\t\t<option value=\"15\">15<\/option>\n\t\t\t\t\t\t\t\t\t<option value=\"16\">16<\/option>\n\t\t\t\t\t\t\t\t\t<option value=\"17\">17<\/option>\n\t\t\t\t\t\t\t\t\t<option value=\"18\">18<\/option>\n\t\t\t\t\t\t\t\t\t<option value=\"19\">19<\/option>\n\t\t\t\t\t\t\t\t\t<option value=\"20\">20<\/option>\n\t\t\t\t\t\t\t\t\t<option value=\"21\">21<\/option>\n\t\t\t\t\t\t\t\t\t<option value=\"22\">22<\/option>\n\t\t\t\t\t\t\t\t\t<option value=\"23\">23<\/option>\n\t\t\t\t\t\t\t\t\t<option value=\"24\">24<\/option>\n\t\t\t\t\t\t\t\t\t<option value=\"25\">25<\/option>\n\t\t\t\t\t\t\t\t\t<option value=\"26\">26<\/option>\n\t\t\t\t\t\t\t\t\t<option value=\"27\">27<\/option>\n\t\t\t\t\t\t\t\t\t<option value=\"28\">28<\/option>\n\t\t\t\t\t\t\t\t\t<option value=\"29\">29<\/option>\n\t\t\t\t\t\t\t\t\t<option value=\"30+\">30+<\/option>\n\t\t\t\t\t\t\t<\/select>\n\t\t<\/div>\n\t\t\t\t\t\t<\/div>\n\t\t\t\t\t\t\t\t<div class=\"elementor-field-type-text elementor-field-group elementor-column elementor-field-group-field_4f74b1d elementor-col-50 elementor-sm-50\">\n\t\t\t\t\t\t\t\t\t\t\t\t<label for=\"form-field-field_4f74b1d\" class=\"elementor-field-label\">\n\t\t\t\t\t\t\t\tK\u00f6rpergr\u00f6\u00dfe?\t\t\t\t\t\t\t<\/label>\n\t\t\t\t\t\t\t\t\t\t\t\t\t\t<input size=\"1\" type=\"text\" name=\"form_fields[field_4f74b1d]\" id=\"form-field-field_4f74b1d\" class=\"elementor-field elementor-size-sm  elementor-field-textual\" placeholder=\"180cm, 170cm, 155cm\">\n\t\t\t\t\t\t\t\t\t\t\t<\/div>\n\t\t\t\t\t\t\t\t<div class=\"elementor-field-type-select elementor-field-group elementor-column elementor-field-group-field_745e469 elementor-col-50 elementor-sm-50\">\n\t\t\t\t\t\t\t\t\t\t\t\t<label for=\"form-field-field_745e469\" class=\"elementor-field-label\">\n\t\t\t\t\t\t\t\tWie viele Damenr\u00e4der ben\u00f6tigen Sie?\t\t\t\t\t\t\t<\/label>\n\t\t\t\t\t\t\t\t<div class=\"elementor-field elementor-select-wrapper remove-before \">\n\t\t\t<div class=\"select-caret-down-wrapper\">\n\t\t\t\t<svg aria-hidden=\"true\" class=\"e-font-icon-svg e-eicon-caret-down\" viewBox=\"0 0 571.4 571.4\" xmlns=\"http:\/\/www.w3.org\/2000\/svg\"><path d=\"M571 393Q571 407 561 418L311 668Q300 679 286 679T261 668L11 418Q0 407 0 393T11 368 36 357H536Q550 357 561 368T571 393Z\"><\/path><\/svg>\t\t\t<\/div>\n\t\t\t<select name=\"form_fields[field_745e469]\" id=\"form-field-field_745e469\" class=\"elementor-field-textual elementor-size-sm\">\n\t\t\t\t\t\t\t\t\t<option value=\"keine\">keine<\/option>\n\t\t\t\t\t\t\t\t\t<option value=\"1\">1<\/option>\n\t\t\t\t\t\t\t\t\t<option value=\"2\">2<\/option>\n\t\t\t\t\t\t\t\t\t<option value=\"3\">3<\/option>\n\t\t\t\t\t\t\t\t\t<option value=\"4\">4<\/option>\n\t\t\t\t\t\t\t\t\t<option value=\"5\">5<\/option>\n\t\t\t\t\t\t\t\t\t<option value=\"6\">6<\/option>\n\t\t\t\t\t\t\t\t\t<option value=\"7\">7<\/option>\n\t\t\t\t\t\t\t\t\t<option value=\"8\">8<\/option>\n\t\t\t\t\t\t\t\t\t<option value=\"9\">9<\/option>\n\t\t\t\t\t\t\t\t\t<option value=\"10\">10<\/option>\n\t\t\t\t\t\t\t\t\t<option value=\"11\">11<\/option>\n\t\t\t\t\t\t\t\t\t<option value=\"12\">12<\/option>\n\t\t\t\t\t\t\t\t\t<option value=\"13\">13<\/option>\n\t\t\t\t\t\t\t\t\t<option value=\"14\">14<\/option>\n\t\t\t\t\t\t\t\t\t<option value=\"15\">15<\/option>\n\t\t\t\t\t\t\t\t\t<option value=\"16\">16<\/option>\n\t\t\t\t\t\t\t\t\t<option value=\"17\">17<\/option>\n\t\t\t\t\t\t\t\t\t<option value=\"18\">18<\/option>\n\t\t\t\t\t\t\t\t\t<option value=\"19\">19<\/option>\n\t\t\t\t\t\t\t\t\t<option value=\"20\">20<\/option>\n\t\t\t\t\t\t\t\t\t<option value=\"21\">21<\/option>\n\t\t\t\t\t\t\t\t\t<option value=\"22\">22<\/option>\n\t\t\t\t\t\t\t\t\t<option value=\"23\">23<\/option>\n\t\t\t\t\t\t\t\t\t<option value=\"24\">24<\/option>\n\t\t\t\t\t\t\t\t\t<option value=\"25\">25<\/option>\n\t\t\t\t\t\t\t\t\t<option value=\"26\">26<\/option>\n\t\t\t\t\t\t\t\t\t<option value=\"27\">27<\/option>\n\t\t\t\t\t\t\t\t\t<option value=\"28\">28<\/option>\n\t\t\t\t\t\t\t\t\t<option value=\"29\">29<\/option>\n\t\t\t\t\t\t\t\t\t<option value=\"30+\">30+<\/option>\n\t\t\t\t\t\t\t<\/select>\n\t\t<\/div>\n\t\t\t\t\t\t<\/div>\n\t\t\t\t\t\t\t\t<div class=\"elementor-field-type-text elementor-field-group elementor-column elementor-field-group-field_40d737c elementor-col-50 elementor-sm-50\">\n\t\t\t\t\t\t\t\t\t\t\t\t<label for=\"form-field-field_40d737c\" class=\"elementor-field-label\">\n\t\t\t\t\t\t\t\tK\u00f6rpergr\u00f6\u00dfe?\t\t\t\t\t\t\t<\/label>\n\t\t\t\t\t\t\t\t\t\t\t\t\t\t<input size=\"1\" type=\"text\" name=\"form_fields[field_40d737c]\" id=\"form-field-field_40d737c\" class=\"elementor-field elementor-size-sm  elementor-field-textual\" placeholder=\"180cm, 170cm, 155cm\">\n\t\t\t\t\t\t\t\t\t\t\t<\/div>\n\t\t\t\t\t\t\t\t<div class=\"elementor-field-type-select elementor-field-group elementor-column elementor-field-group-field_6b91d0b elementor-col-50 elementor-sm-50\">\n\t\t\t\t\t\t\t\t\t\t\t\t<label for=\"form-field-field_6b91d0b\" class=\"elementor-field-label\">\n\t\t\t\t\t\t\t\tWie viele Kinderr\u00e4der ben\u00f6tigen Sie?\t\t\t\t\t\t\t<\/label>\n\t\t\t\t\t\t\t\t<div class=\"elementor-field elementor-select-wrapper remove-before \">\n\t\t\t<div class=\"select-caret-down-wrapper\">\n\t\t\t\t<svg aria-hidden=\"true\" class=\"e-font-icon-svg e-eicon-caret-down\" viewBox=\"0 0 571.4 571.4\" xmlns=\"http:\/\/www.w3.org\/2000\/svg\"><path d=\"M571 393Q571 407 561 418L311 668Q300 679 286 679T261 668L11 418Q0 407 0 393T11 368 36 357H536Q550 357 561 368T571 393Z\"><\/path><\/svg>\t\t\t<\/div>\n\t\t\t<select name=\"form_fields[field_6b91d0b]\" id=\"form-field-field_6b91d0b\" class=\"elementor-field-textual elementor-size-sm\">\n\t\t\t\t\t\t\t\t\t<option value=\"keine\">keine<\/option>\n\t\t\t\t\t\t\t\t\t<option value=\"1\">1<\/option>\n\t\t\t\t\t\t\t\t\t<option value=\"2\">2<\/option>\n\t\t\t\t\t\t\t\t\t<option value=\"3\">3<\/option>\n\t\t\t\t\t\t\t\t\t<option value=\"4\">4<\/option>\n\t\t\t\t\t\t\t\t\t<option value=\"5\">5<\/option>\n\t\t\t\t\t\t\t\t\t<option value=\"6\">6<\/option>\n\t\t\t\t\t\t\t\t\t<option value=\"7\">7<\/option>\n\t\t\t\t\t\t\t\t\t<option value=\"8\">8<\/option>\n\t\t\t\t\t\t\t\t\t<option value=\"9\">9<\/option>\n\t\t\t\t\t\t\t\t\t<option value=\"10\">10<\/option>\n\t\t\t\t\t\t\t\t\t<option value=\"11\">11<\/option>\n\t\t\t\t\t\t\t\t\t<option value=\"12\">12<\/option>\n\t\t\t\t\t\t\t\t\t<option value=\"13\">13<\/option>\n\t\t\t\t\t\t\t\t\t<option value=\"14\">14<\/option>\n\t\t\t\t\t\t\t\t\t<option value=\"15\">15<\/option>\n\t\t\t\t\t\t\t\t\t<option value=\"16\">16<\/option>\n\t\t\t\t\t\t\t\t\t<option value=\"17\">17<\/option>\n\t\t\t\t\t\t\t\t\t<option value=\"18\">18<\/option>\n\t\t\t\t\t\t\t\t\t<option value=\"19\">19<\/option>\n\t\t\t\t\t\t\t\t\t<option value=\"20\">20<\/option>\n\t\t\t\t\t\t\t\t\t<option value=\"21\">21<\/option>\n\t\t\t\t\t\t\t\t\t<option value=\"22\">22<\/option>\n\t\t\t\t\t\t\t\t\t<option value=\"23\">23<\/option>\n\t\t\t\t\t\t\t\t\t<option value=\"24\">24<\/option>\n\t\t\t\t\t\t\t\t\t<option value=\"25\">25<\/option>\n\t\t\t\t\t\t\t\t\t<option value=\"26\">26<\/option>\n\t\t\t\t\t\t\t\t\t<option value=\"27\">27<\/option>\n\t\t\t\t\t\t\t\t\t<option value=\"28\">28<\/option>\n\t\t\t\t\t\t\t\t\t<option value=\"29\">29<\/option>\n\t\t\t\t\t\t\t\t\t<option value=\"30+\">30+<\/option>\n\t\t\t\t\t\t\t<\/select>\n\t\t<\/div>\n\t\t\t\t\t\t<\/div>\n\t\t\t\t\t\t\t\t<div class=\"elementor-field-type-text elementor-field-group elementor-column elementor-field-group-field_60ec529 elementor-col-50 elementor-sm-50\">\n\t\t\t\t\t\t\t\t\t\t\t\t<label for=\"form-field-field_60ec529\" class=\"elementor-field-label\">\n\t\t\t\t\t\t\t\tK\u00f6rpergr\u00f6\u00dfe?\t\t\t\t\t\t\t<\/label>\n\t\t\t\t\t\t\t\t\t\t\t\t\t\t<input size=\"1\" type=\"text\" name=\"form_fields[field_60ec529]\" id=\"form-field-field_60ec529\" class=\"elementor-field elementor-size-sm  elementor-field-textual\" placeholder=\"180cm, 170cm, 155cm\">\n\t\t\t\t\t\t\t\t\t\t\t<\/div>\n\t\t\t\t\t\t\t\t<div class=\"elementor-field-type-html elementor-field-group elementor-column elementor-field-group-field_c2d308a elementor-col-100\">\n\t\t\t\t\t<h6> Extras<\/h6>\t\t\t\t<\/div>\n\t\t\t\t\t\t\t\t<div class=\"elementor-field-type-text elementor-field-group elementor-column elementor-field-group-field_e15e35d elementor-col-100\">\n\t\t\t\t\t\t\t\t\t\t\t\t<label for=\"form-field-field_e15e35d\" class=\"elementor-field-label\">\n\t\t\t\t\t\t\t\tBen\u00f6tigen Sie Extras?\t\t\t\t\t\t\t<\/label>\n\t\t\t\t\t\t\t\t\t\t\t\t\t\t<input size=\"1\" type=\"text\" name=\"form_fields[field_e15e35d]\" id=\"form-field-field_e15e35d\" class=\"elementor-field elementor-size-sm  elementor-field-textual\" placeholder=\"Helme, K\u00f6rbe, Seitentaschen,....\">\n\t\t\t\t\t\t\t\t\t\t\t<\/div>\n\t\t\t\t\t\t\t\t<div class=\"elementor-field-type-textarea elementor-field-group elementor-column elementor-field-group-message elementor-col-100\">\n\t\t\t\t\t\t\t\t\t\t\t\t<label for=\"form-field-message\" class=\"elementor-field-label\">\n\t\t\t\t\t\t\t\tMessage\t\t\t\t\t\t\t<\/label>\n\t\t\t\t\t\t<textarea class=\"elementor-field-textual elementor-field  elementor-size-sm\" name=\"form_fields[message]\" id=\"form-field-message\" rows=\"4\" placeholder=\"Alles was wir sonst noch wissen sollten.\"><\/textarea>\t\t\t\t<\/div>\n\t\t\t\t\t\t\t\t<div class=\"elementor-field-type-acceptance elementor-field-group elementor-column elementor-field-group-field_60f8741 elementor-col-100 elementor-field-required elementor-mark-required\">\n\t\t\t\t\t\t\t\t\t\t\t\t<label for=\"form-field-field_60f8741\" class=\"elementor-field-label\">\n\t\t\t\t\t\t\t\tDatenschutz\t\t\t\t\t\t\t<\/label>\n\t\t\t\t\t\t\t\t<div class=\"elementor-field-subgroup\">\n\t\t\t<span class=\"elementor-field-option\">\n\t\t\t\t<input type=\"checkbox\" name=\"form_fields[field_60f8741]\" id=\"form-field-field_60f8741\" class=\"elementor-field elementor-size-sm  elementor-acceptance-field\" required=\"required\">\n\t\t\t\t<label for=\"form-field-field_60f8741\">Durch klicken auf Senden erkl\u00e4ren Sie sich mit den <a href= \"https:\/\/velopoldvienna.com\/datenschutzerklaerung\/\">Datenschutzrichtlinien<\/a> einverstanden.<\/label>\t\t\t<\/span>\n\t\t<\/div>\n\t\t\t\t\t\t<\/div>\n\t\t\t\t\t\t\t\t<div class=\"elementor-field-type-recaptcha_v3 elementor-field-group elementor-column elementor-field-group-field_fa2a174 elementor-col-100 recaptcha_v3-bottomright\">\n\t\t\t\t\t<div class=\"elementor-field\" id=\"form-field-field_fa2a174\"><div class=\"elementor-g-recaptcha\" data-sitekey=\"6LcbIB4eAAAAAGhr1XFzCNNMTKqLA1HTGz8BGgom\" data-type=\"v3\" data-action=\"Form\" data-badge=\"bottomright\" data-size=\"invisible\"><\/div><\/div>\t\t\t\t<\/div>\n\t\t\t\t\t\t\t\t<div class=\"elementor-field-group elementor-column elementor-field-type-submit elementor-col-100 e-form__buttons\">\n\t\t\t\t\t<button class=\"elementor-button elementor-size-sm\" type=\"submit\">\n\t\t\t\t\t\t<span class=\"elementor-button-content-wrapper\">\n\t\t\t\t\t\t\t\t\t\t\t\t\t\t\t\t\t\t\t\t\t\t<span class=\"elementor-button-text\">Anfrage Senden<\/span>\n\t\t\t\t\t\t\t\t\t\t\t\t\t<\/span>\n\t\t\t\t\t<\/button>\n\t\t\t\t<\/div>\n\t\t\t<\/div>\n\t\t<\/form>\n\t\t\t\t\t\t<\/div>\n\t\t\t\t<\/div>\n\t\t\t\t<\/div>\n\t\t\t\t\t<\/div>\n\t\t\t\t<\/div>\n\t\t\t\t<\/div>\n\t\t","protected":false},"excerpt":{"rendered":"<p>Booking request<\/p>","protected":false},"author":1,"featured_media":0,"parent":0,"menu_order":0,"comment_status":"closed","ping_status":"closed","template":"","meta":{"footnotes":""},"class_list":["post-356","page","type-page","status-publish","hentry"],"blocksy_meta":{"styles_descriptor":{"styles":{"desktop":"","tablet":"","mobile":""},"google_fonts":[],"version":6}},"_links":{"self":[{"href":"https:\/\/velopoldvienna.com\/en\/wp-json\/wp\/v2\/pages\/356","targetHints":{"allow":["GET"]}}],"collection":[{"href":"https:\/\/velopoldvienna.com\/en\/wp-json\/wp\/v2\/pages"}],"about":[{"href":"https:\/\/velopoldvienna.com\/en\/wp-json\/wp\/v2\/types\/page"}],"author":[{"embeddable":true,"href":"https:\/\/velopoldvienna.com\/en\/wp-json\/wp\/v2\/users\/1"}],"replies":[{"embeddable":true,"href":"https:\/\/velopoldvienna.com\/en\/wp-json\/wp\/v2\/comments?post=356"}],"version-history":[{"count":0,"href":"https:\/\/velopoldvienna.com\/en\/wp-json\/wp\/v2\/pages\/356\/revisions"}],"wp:attachment":[{"href":"https:\/\/velopoldvienna.com\/en\/wp-json\/wp\/v2\/media?parent=356"}],"curies":[{"name":"wp","href":"https:\/\/api.w.org\/{rel}","templated":true}]}}